{"id":624,"date":"2016-04-20T17:09:49","date_gmt":"2016-04-20T17:09:49","guid":{"rendered":"http:\/\/wp.bwlthemes.com\/appeal_wp\/?page_id=624"},"modified":"2016-04-20T17:09:49","modified_gmt":"2016-04-20T17:09:49","slug":"multi-petition","status":"publish","type":"page","link":"https:\/\/petition.meditation539.com\/index.php\/multi-petition\/","title":{"rendered":"Multi Petition"},"content":{"rendered":"<div class=\"wpb-content-wrapper\">[vc_row parallax=&#8221;content-moving&#8221; parallax_image=&#8221;752&#8243; el_class=&#8221;mobile-pad&#8221;][vc_column][vc_empty_space height=&#8221;180&#8243;][vc_column_text el_class=&#8221;text-white text-center&#8221;]\n<h3>Are you having difficulties creating Multi Petition?<\/h3>\n<h3><span class=\"title-sub2\">Use this, we&#8217;ll not disappoint you!<\/span><\/h3>\n[\/vc_column_text][vc_btn title=&#8221;<b>See Below<\/b>&#8221; style=&#8221;custom&#8221; custom_background=&#8221;#ffffff&#8221; custom_text=&#8221;#ff8141&#8243; align=&#8221;center&#8221; i_icon_fontawesome=&#8221;fa fa-download&#8221; add_icon=&#8221;true&#8221; css=&#8221;.vc_custom_1461648116710{margin-top: 20px !important;}&#8221; el_class=&#8221;ps2id&#8221; link=&#8221;url:%23about-link||&#8221;][vc_empty_space height=&#8221;130&#8243;][\/vc_column][\/vc_row][vc_row el_id=&#8221;about-link&#8221; el_class=&#8221;mobile-pad&#8221;][vc_column][vc_empty_space height=&#8221;80&#8243;][vc_column_text el_class=&#8221;text-center&#8221; css=&#8221;.vc_custom_1462290666227{margin-bottom: 0px !important;}&#8221;]\n<h3><span class=\"title-sub2\">Take a look<\/span><br \/>\nCREATE MULTI PETITION<br \/>\nWITH FULL FREEDOM<\/h3>\n[\/vc_column_text][vc_icon icon_fontawesome=&#8221;fa fa-gg&#8221; color=&#8221;custom&#8221; size=&#8221;lg&#8221; align=&#8221;center&#8221; css_animation=&#8221;appear&#8221; custom_color=&#8221;#dddddd&#8221; css=&#8221;.vc_custom_1461647655878{margin: 0px !important;padding: 0px !important;}&#8221;][vc_column_text]\n<p class=\"text-center marginT0\">Lorem ipsume dolor sit amet diam brute integre eatpri brute dolore ipsum amet diam ipsume dolor sit<br \/>\nipsume eatpri brute sit amet.<\/p>\n[\/vc_column_text][vc_empty_space height=&#8221;50px&#8221;][vc_column_text]<div class=\"row\"><div class=\"bwl_petition_container col-md-4\"><div class=\"pet_layout_1\"><div class=\"\"><img loading=\"lazy\" decoding=\"async\" width=\"1700\" height=\"1133\" src=\"https:\/\/petition.meditation539.com\/wp-content\/uploads\/2021\/11\/nature-Fantasy.jpg\" class=\"attachment-full size-full wp-post-image\" alt=\"\" srcset=\"https:\/\/petition.meditation539.com\/wp-content\/uploads\/2021\/11\/nature-Fantasy.jpg 1700w, https:\/\/petition.meditation539.com\/wp-content\/uploads\/2021\/11\/nature-Fantasy-600x400.jpg 600w, https:\/\/petition.meditation539.com\/wp-content\/uploads\/2021\/11\/nature-Fantasy-300x200.jpg 300w, https:\/\/petition.meditation539.com\/wp-content\/uploads\/2021\/11\/nature-Fantasy-1024x682.jpg 1024w, https:\/\/petition.meditation539.com\/wp-content\/uploads\/2021\/11\/nature-Fantasy-768x512.jpg 768w, https:\/\/petition.meditation539.com\/wp-content\/uploads\/2021\/11\/nature-Fantasy-1536x1024.jpg 1536w, https:\/\/petition.meditation539.com\/wp-content\/uploads\/2021\/11\/nature-Fantasy-645x430.jpg 645w, https:\/\/petition.meditation539.com\/wp-content\/uploads\/2021\/11\/nature-Fantasy-360x240.jpg 360w, https:\/\/petition.meditation539.com\/wp-content\/uploads\/2021\/11\/nature-Fantasy-135x90.jpg 135w\" sizes=\"auto, (max-width: 1700px) 100vw, 1700px\" \/><\/div><div class=\"petition-content\"><div class=\"petition-header\"><span class=\"counter bold\" style=\"color:#e9931a;\">0<\/span> signed this petition<\/div><div class=\"petition-text\"><h5><a href=\"https:\/\/petition.meditation539.com\/index.php\/petitions\/planetary-liberation-now-multi\/\">Planetary Liberation NOW! Multi<\/a><\/h5><div class=\"petition-about\">PETITION We are all aware that there are forces within the banking establishment, military-industrial complex and also&hellip;<\/div><\/div><!-- end .petition-text  --><div class=\"petition-footer\"><a href=\"https:\/\/petition.meditation539.com\/index.php\/petitions\/planetary-liberation-now-multi\/#petition_form\" class=\"btn\">Sign Petition <i class=\"fa fa-pencil-square\"><\/i><\/a> | <a href=\"https:\/\/petition.meditation539.com\/index.php\/petitions\/planetary-liberation-now-multi\/\" class=\"btn\" >Read More <i class=\"fa fa-mail-forward\"><\/i><\/a> <\/div><\/div><!-- end .petition-content  --><\/div><!--  end .layout_1  --><\/div> <!-- end .bwl_petition_container  --><\/div>[\/vc_column_text][\/vc_column][\/vc_row][vc_row][vc_column][vc_empty_space height=&#8221;80&#8243;][\/vc_column][\/vc_row][vc_row el_class=&#8221;mobile-pad&#8221;][vc_column width=&#8221;3\/4&#8243;][vc_column_text]<script>(function() {\n\twindow.mc4wp = window.mc4wp || {\n\t\tlisteners: [],\n\t\tforms: {\n\t\t\ton: function(evt, cb) {\n\t\t\t\twindow.mc4wp.listeners.push(\n\t\t\t\t\t{\n\t\t\t\t\t\tevent   : evt,\n\t\t\t\t\t\tcallback: cb\n\t\t\t\t\t}\n\t\t\t\t);\n\t\t\t}\n\t\t}\n\t}\n})();\n<\/script><!-- Mailchimp for WordPress v4.12.1 - https:\/\/wordpress.org\/plugins\/mailchimp-for-wp\/ --><form id=\"mc4wp-form-1\" class=\"mc4wp-form mc4wp-form-642\" method=\"post\" data-id=\"642\" data-name=\"Appeal\" ><div class=\"mc4wp-form-fields\"><h2>Give us a chance to<br\/>\r\nmake updated<\/h2>\r\n<div class=\"input-group\" style=\"margin: 50px 0px;\">\r\n<p>\r\n<input type=\"email\" id=\"mc4wp_email\" name=\"EMAIL\" class=\"form-control\" placeholder=\"Your email address\" required \/>\r\n<\/p>\r\n<p class=\"input-group-btn\">\r\n<input type=\"submit\" value=\"Sign up\" class=\"btn btn-default\" \/>\r\n<\/p>\r\n<\/div>\r\n<h5 class=\"text-right\">Signup for our mailing list to get<br\/> latest updates of what and how<br\/> things are going<\/h5><\/div><label style=\"display: none !important;\">Pozostaw to pole puste, je\u015bli jeste\u015b cz\u0142owiekiem: <input type=\"text\" name=\"_mc4wp_honeypot\" value=\"\" tabindex=\"-1\" autocomplete=\"off\" \/><\/label><input type=\"hidden\" name=\"_mc4wp_timestamp\" value=\"1778309741\" \/><input type=\"hidden\" name=\"_mc4wp_form_id\" value=\"642\" \/><input type=\"hidden\" name=\"_mc4wp_form_element_id\" value=\"mc4wp-form-1\" \/><div class=\"mc4wp-response\"><\/div><\/form><!-- \/ Mailchimp for WordPress Plugin -->[\/vc_column_text][\/vc_column][vc_column width=&#8221;1\/4&#8243;][vc_row_inner css=&#8221;.vc_custom_1461649031772{margin-right: 0px !important;margin-left: 0px !important;background-color: #ff8141 !important;}&#8221;][vc_column_inner][vc_column_text css=&#8221;.vc_custom_1462086976546{padding-right: 25px !important;padding-left: 25px !important;}&#8221; el_class=&#8221;text-white&#8221;]\n<h4>Yo can&#8217;t imagine how easy it is &#8230;. to create and manage the PETITION<\/h4>\n<p class=\"marginT30\">John Abraham<br \/>\nCEO &amp; Founder &#8211; ABC<\/p>\n[\/vc_column_text][\/vc_column_inner][\/vc_row_inner][\/vc_column][\/vc_row][vc_row][vc_column][vc_empty_space height=&#8221;80&#8243;][\/vc_column][\/vc_row][vc_row css=&#8221;.vc_custom_1462557566152{background-color: #f9fafb !important;}&#8221; el_class=&#8221;mobile-pad&#8221;][vc_column][vc_empty_space height=&#8221;80&#8243;][vc_column_text el_class=&#8221;text-center&#8221;]\n<h3><span class=\"title-sub2\">Share it<\/span><br \/>\nWE&#8217;LL APPRECIATE YOU<\/h3>\n<p>Lorem ipsum dolor sit amet diam brute integre eapri brute dolor ipsum.<\/p>\n<div class=\"row\"><div class=\"col-sm-12 text-center\"><span class=\"petition-share\">\r\n\r\n                        <a class=\"btn btn-social-icon btn-twitter petition_share\" href=\"https:\/\/twitter.com\/share?url=https:\/\/petition.meditation539.com\/index.php\/wp-json\/wp\/v2\/pages\/624&amp;text=Planetary+Liberation+NOW!+Multi\" title=\"Tweet It\">\r\n                           <i class=\"fa fa-twitter\"><\/i>\r\n                        <\/a>\r\n\r\n                        <a class=\"btn btn-social-icon btn-facebook petition_share\" href=\"http:\/\/www.facebook.com\/sharer.php?u=https:\/\/petition.meditation539.com\/index.php\/wp-json\/wp\/v2\/pages\/624\" title=\"Share at Facebook\">\r\n                             <i class=\"fa fa-facebook\"><\/i>\r\n                        <\/a>\r\n\r\n                        <a class=\"btn btn-social-icon btn-goggle-plus petition_share\" href=\"http:\/\/plus.google.com\/share?url=https:\/\/petition.meditation539.com\/index.php\/wp-json\/wp\/v2\/pages\/624\" title=\"Share at Google+\">\r\n                           <i class=\"fa fa-google-plus\"><\/i>\r\n                        <\/a>\r\n\r\n                        <a class=\"btn btn-social-icon btn-pinterest petition_share\" href=\"http:\/\/pinterest.com\/pin\/create\/button\/?url=https:\/\/petition.meditation539.com\/index.php\/wp-json\/wp\/v2\/pages\/624\" title=\"Share at Pinterest\">\r\n                            <i class=\"fa fa-pinterest\"><\/i>\r\n                        <\/a>\r\n\r\n                        <a class=\"btn btn-social-icon btn-linkedin petition_share\" href=\"http:\/\/www.linkedin.com\/shareArticle?mini=true&amp;url=https:\/\/petition.meditation539.com\/index.php\/wp-json\/wp\/v2\/pages\/624\" title=\"Share at LinkedIn\">\r\n                             <i class=\"fa fa-linkedin\"><\/i>\r\n                        <\/a>\r\n\r\n                        <a class=\"btn btn-social-icon btn-tumblr petition_share\" href=\"http:\/\/www.tumblr.com\/share\/link?url=https:\/\/petition.meditation539.com\/index.php\/wp-json\/wp\/v2\/pages\/624&amp;name=Planetary+Liberation+NOW!+Multi\" title=\"Share at Tumblr\">\r\n                            <i class=\"fa fa-tumblr\"><\/i>\r\n                        <\/a>\r\n\r\n                        <a class=\"btn btn-social-icon btn-envelope-o\" href=\"mailto:?subject=Planetary+Liberation+NOW!+Multi&amp;body=https:\/\/petition.meditation539.com\/index.php\/wp-json\/wp\/v2\/pages\/624\" title=\"Share via Email\">\r\n                             <i class=\"fa fa-envelope-o\"><\/i>\r\n                        <\/a>\r\n\r\n            <\/span><\/div><\/div>[\/vc_column_text][vc_empty_space height=&#8221;80&#8243;][\/vc_column][\/vc_row]\n<\/div>","protected":false},"excerpt":{"rendered":"<p>[vc_row parallax=&#8221;content-moving&#8221; parallax_image=&#8221;752&#8243; el_class=&#8221;mobile-pad&#8221;][vc_column][vc_empty_space height=&#8221;180&#8243;][vc_column_text el_class=&#8221;text-white text-center&#8221;] Are you having difficulties creating Multi Petition? Use this, we&#8217;ll not disappoint you! [\/vc_column_text][vc_btn title=&#8221;See Below&#8221; style=&#8221;custom&#8221; custom_background=&#8221;#ffffff&#8221; custom_text=&#8221;#ff8141&#8243; align=&#8221;center&#8221; i_icon_fontawesome=&#8221;fa fa-download&#8221; add_icon=&#8221;true&#8221; css=&#8221;.vc_custom_1461648116710{margin-top: 20px !important;}&#8221; el_class=&#8221;ps2id&#8221; link=&#8221;url:%23about-link||&#8221;][vc_empty_space height=&#8221;130&#8243;][\/vc_column][\/vc_row][vc_row el_id=&#8221;about-link&#8221; el_class=&#8221;mobile-pad&#8221;][vc_column][vc_empty_space height=&#8221;80&#8243;][vc_column_text el_class=&#8221;text-center&#8221; css=&#8221;.vc_custom_1462290666227{margin-bottom: 0px !important;}&#8221;] Take a look CREATE MULTI PETITION WITH FULL FREEDOM [\/vc_column_text][vc_icon icon_fontawesome=&#8221;fa fa-gg&#8221; [&hellip;]<\/p>\n","protected":false},"author":3,"featured_media":0,"parent":0,"menu_order":0,"comment_status":"closed","ping_status":"closed","template":"template-homepage.php","meta":{"footnotes":""},"class_list":["post-624","page","type-page","status-publish","hentry"],"_links":{"self":[{"href":"https:\/\/petition.meditation539.com\/index.php\/wp-json\/wp\/v2\/pages\/624","targetHints":{"allow":["GET"]}}],"collection":[{"href":"https:\/\/petition.meditation539.com\/index.php\/wp-json\/wp\/v2\/pages"}],"about":[{"href":"https:\/\/petition.meditation539.com\/index.php\/wp-json\/wp\/v2\/types\/page"}],"author":[{"embeddable":true,"href":"https:\/\/petition.meditation539.com\/index.php\/wp-json\/wp\/v2\/users\/3"}],"replies":[{"embeddable":true,"href":"https:\/\/petition.meditation539.com\/index.php\/wp-json\/wp\/v2\/comments?post=624"}],"version-history":[{"count":0,"href":"https:\/\/petition.meditation539.com\/index.php\/wp-json\/wp\/v2\/pages\/624\/revisions"}],"wp:attachment":[{"href":"https:\/\/petition.meditation539.com\/index.php\/wp-json\/wp\/v2\/media?parent=624"}],"curies":[{"name":"wp","href":"https:\/\/api.w.org\/{rel}","templated":true}]}}